{"id":2,"date":"2015-05-08T13:37:57","date_gmt":"2015-05-08T13:37:57","guid":{"rendered":"https:\/\/www.colonides.gr\/?page_id=2"},"modified":"2026-03-30T11:11:55","modified_gmt":"2026-03-30T08:11:55","slug":"the-hotel","status":"publish","type":"page","link":"https:\/\/www.colonides.gr\/de\/the-hotel\/","title":{"rendered":"Das Hotel"},"content":{"rendered":"<p><\/p>\n<h2>Einrichtung<\/h2>\n<p><strong>Schlafzimmer<\/strong><\/p>\n<p>Kleiderschrank \/ Wandschrank<\/p>\n<p><strong>Im Freien<\/strong><\/p>\n<p>Swimming Pool, Garten, Sonnen-Terasse, Balkon<\/p>\n<p><strong>Aktivit\u00e4ten<\/strong><\/p>\n<p>Fischen, Schnorcheln<\/p>\n<p><strong>Medien &amp; Technologie<\/strong><\/p>\n<p>Satellitenempfang, Flachbildschirm-TV, Telefon<\/p>\n<p><strong>Speisen &amp; Getr\u00e4nke<\/strong><\/p>\n<p>Bar, Fr\u00fchst\u00fccksbuffet, Fr\u00fchst\u00fcck auf dem Zimmer, Snacks<\/p>\n<p><strong>Internet<\/strong><\/p>\n<p>Freies WiFi im gesamten Hotelbereich und auf den Zimmern.<\/p>\n<p><strong>Parken<\/strong><\/p>\n<p>Ausreichend freie Hotel-Parkpl\u00e4tze. Keine Reservierung erforderlich.<\/p>\n<p><strong>Services<\/strong><\/p>\n<p>Zimmerservice, Autovermietung, Gemeinschaftsraum mit TV, Fax\/Fotokopieren, Weckdienst<\/p>\n<p><strong>Generell<\/strong><\/p>\n<p>Safe im Zimmer, Nichtraucherzimmer, Behindertengerechte Einrichtungen, Schalldichte Zimmer, Heizung, Klimaanlage<\/p>\n<p><strong>Wir sprechen\u2026<\/strong><\/p>\n<p>Englisch, Griechisch, Deutsch<\/p>\n<h2>Sonderangebot<\/h2>\n<p>Buchen Sie jetzt \u00fcber unser Online-Portal und Sie k\u00f6nnen t\u00e4glich kostenfrei die Liegen und Sonnenschirme am &#8222;Peroulia Beach&#8220; benutzen.<\/p>","protected":false},"excerpt":{"rendered":"<p><strong>Ein idyllischer Ort\u2026<\/strong> eine exklusive Unterkunft\u2026 in Ruhe abschalten vom Alltag\u2026<\/p>\n","protected":false},"author":1,"featured_media":513,"parent":0,"menu_order":0,"comment_status":"closed","ping_status":"closed","template":"","meta":{"ngg_post_thumbnail":0},"aioseo_notices":[],"_links":{"self":[{"href":"https:\/\/www.colonides.gr\/de\/wp-json\/wp\/v2\/pages\/2"}],"collection":[{"href":"https:\/\/www.colonides.gr\/de\/wp-json\/wp\/v2\/pages"}],"about":[{"href":"https:\/\/www.colonides.gr\/de\/wp-json\/wp\/v2\/types\/page"}],"author":[{"embeddable":true,"href":"https:\/\/www.colonides.gr\/de\/wp-json\/wp\/v2\/users\/1"}],"replies":[{"embeddable":true,"href":"https:\/\/www.colonides.gr\/de\/wp-json\/wp\/v2\/comments?post=2"}],"version-history":[{"count":0,"href":"https:\/\/www.colonides.gr\/de\/wp-json\/wp\/v2\/pages\/2\/revisions"}],"wp:featuredmedia":[{"embeddable":true,"href":"https:\/\/www.colonides.gr\/de\/wp-json\/wp\/v2\/media\/513"}],"wp:attachment":[{"href":"https:\/\/www.colonides.gr\/de\/wp-json\/wp\/v2\/media?parent=2"}],"curies":[{"name":"wp","href":"https:\/\/api.w.org\/{rel}","templated":true}]}}