{"id":41,"date":"2015-05-25T14:11:24","date_gmt":"2015-05-25T11:11:24","guid":{"rendered":"https:\/\/www.colonides.gr\/?page_id=41"},"modified":"2026-03-31T12:57:23","modified_gmt":"2026-03-31T09:57:23","slug":"location","status":"publish","type":"page","link":"https:\/\/www.colonides.gr\/de\/location\/","title":{"rendered":"Lage"},"content":{"rendered":"<p><\/p>\n<h2>Colonides Retreat Sea &amp; Silence &#8211; Lage<\/h2>\n<p><strong>Das Colonides Hotel<\/strong> liegt zwischen zwei der sch\u00f6nsten Str\u00e4nde in der Region und sehr nah zum historischen Ort <strong>Koroni.<\/strong><\/p>\n<p>Der &#8222;Colonides Beach&#8220; wurde k\u00fcrzlich ausgezeichnet als Geheimtip und als einer der zehn sch\u00f6nsten Str\u00e4nde des Peleponnes. Er liegt nur ca. 100 m vom Hotel entfernt.<\/p>\n<p>Die grosse und oftmals sehr bev\u00f6lkerte Bucht von Peroulia liegt nur ca. 600 m entfernt vom Hotel. An diesem Strand finden Sie auch die vom Guardian als eine der zehn besten Tavernen Griechenlands ausgezeichnete Taverne: \u00a0&#8222;<strong>Peroulia Beach Restaurant seit 1984<\/strong>&#8222;.<\/p>\n<h2>Position auf der Karte<\/h2>\n<p><\/p>","protected":false},"excerpt":{"rendered":"<p><strong>Breitengrad<\/strong>: 36.83532691668864\u00b0 | <strong>L\u00e4ngengrad<\/strong>: 21.93031758069992\u00b0<\/p>\n","protected":false},"author":1,"featured_media":65,"parent":0,"menu_order":0,"comment_status":"closed","ping_status":"closed","template":"","meta":{"ngg_post_thumbnail":0},"aioseo_notices":[],"_links":{"self":[{"href":"https:\/\/www.colonides.gr\/de\/wp-json\/wp\/v2\/pages\/41"}],"collection":[{"href":"https:\/\/www.colonides.gr\/de\/wp-json\/wp\/v2\/pages"}],"about":[{"href":"https:\/\/www.colonides.gr\/de\/wp-json\/wp\/v2\/types\/page"}],"author":[{"embeddable":true,"href":"https:\/\/www.colonides.gr\/de\/wp-json\/wp\/v2\/users\/1"}],"replies":[{"embeddable":true,"href":"https:\/\/www.colonides.gr\/de\/wp-json\/wp\/v2\/comments?post=41"}],"version-history":[{"count":0,"href":"https:\/\/www.colonides.gr\/de\/wp-json\/wp\/v2\/pages\/41\/revisions"}],"wp:featuredmedia":[{"embeddable":true,"href":"https:\/\/www.colonides.gr\/de\/wp-json\/wp\/v2\/media\/65"}],"wp:attachment":[{"href":"https:\/\/www.colonides.gr\/de\/wp-json\/wp\/v2\/media?parent=41"}],"curies":[{"name":"wp","href":"https:\/\/api.w.org\/{rel}","templated":true}]}}