{"id":41,"date":"2015-05-25T14:11:24","date_gmt":"2015-05-25T11:11:24","guid":{"rendered":"https:\/\/www.colonides.gr\/?page_id=41"},"modified":"2026-03-31T12:57:23","modified_gmt":"2026-03-31T09:57:23","slug":"location","status":"publish","type":"page","link":"https:\/\/www.colonides.gr\/fr\/location\/","title":{"rendered":"Emplacement"},"content":{"rendered":"<p><\/p>\n<h2>Emplacement de l\u2019h\u00f4tel de plage Colonides Retreat Sea &amp; Silence<\/h2>\n<p><strong>L\u2019h\u00f4tel Colonides<\/strong>setrouve entre deux des plus belles plages des alentours, et tr\u00e8s pr\u00e8s du village historique de <strong>Koroni<\/strong>.<\/p>\n<p>La <strong>plage<\/strong> de Colonides a r\u00e9cemment \u00e9t\u00e9 \u00e9lue l\u2019<strong>une des dix meilleures plages secr\u00e8tes <\/strong>duP\u00e9loponn\u00e8se. Elle se trouve \u00e0 100 m de l\u2019entr\u00e9e de l\u2019h\u00f4tel.<\/p>\n<p>La plage cosmopolite et souvent tr\u00e8s peupl\u00e9e de Peroulia se trouve \u00e0 600m de l\u2019entr\u00e9e principale de l\u2019h\u00f4tel. Sur la m\u00eame plage vous trouverez aussi la<strong> taverne prim\u00e9e<\/strong> par le\u00ab\u00a0Guardian\u00a0\u00bb(dix meilleures de Gr\u00e8ce) \u00ab\u00a0<strong>Restaurant de la plage de Peroulia depuis 1984\u00a0\u00bb<\/strong>.<\/p>\n<h2>Carte des lieux<\/h2>\n<p><\/p>","protected":false},"excerpt":{"rendered":"<p><strong>Latitude<\/strong>: 36.83532691668864\u00b0 | <strong>Longitude<\/strong>: 21.93031758069992\u00b0<\/p>\n","protected":false},"author":1,"featured_media":65,"parent":0,"menu_order":0,"comment_status":"closed","ping_status":"closed","template":"","meta":{"ngg_post_thumbnail":0},"aioseo_notices":[],"_links":{"self":[{"href":"https:\/\/www.colonides.gr\/fr\/wp-json\/wp\/v2\/pages\/41"}],"collection":[{"href":"https:\/\/www.colonides.gr\/fr\/wp-json\/wp\/v2\/pages"}],"about":[{"href":"https:\/\/www.colonides.gr\/fr\/wp-json\/wp\/v2\/types\/page"}],"author":[{"embeddable":true,"href":"https:\/\/www.colonides.gr\/fr\/wp-json\/wp\/v2\/users\/1"}],"replies":[{"embeddable":true,"href":"https:\/\/www.colonides.gr\/fr\/wp-json\/wp\/v2\/comments?post=41"}],"version-history":[{"count":0,"href":"https:\/\/www.colonides.gr\/fr\/wp-json\/wp\/v2\/pages\/41\/revisions"}],"wp:featuredmedia":[{"embeddable":true,"href":"https:\/\/www.colonides.gr\/fr\/wp-json\/wp\/v2\/media\/65"}],"wp:attachment":[{"href":"https:\/\/www.colonides.gr\/fr\/wp-json\/wp\/v2\/media?parent=41"}],"curies":[{"name":"wp","href":"https:\/\/api.w.org\/{rel}","templated":true}]}}